{"id":405,"date":"2018-06-09T14:11:44","date_gmt":"2018-06-09T14:11:44","guid":{"rendered":"http:\/\/vahansen.bplaced.net\/wordpress\/?page_id=405"},"modified":"2018-06-09T15:07:17","modified_gmt":"2018-06-09T15:07:17","slug":"teater","status":"publish","type":"page","link":"http:\/\/vahansen.bplaced.net\/wordpress\/?page_id=405","title":{"rendered":"Teater"},"content":{"rendered":"<pre><strong><a href=\"http:\/\/vahansen.bplaced.net\/wordpress\/?page_id=131\">(SALIFI)<\/a>  <a href=\"http:\/\/vahansen.bplaced.net\/wordpress\/?page_id=403\">KONSERTER<\/a>\u00a0 <a href=\"http:\/\/vahansen.bplaced.net\/wordpress\/?page_id=399\">B\u00d8KER<\/a>\u00a0 <a href=\"http:\/\/vahansen.bplaced.net\/wordpress\/?page_id=401\">FILMER<\/a>\u00a0 <span style=\"color: #800000;\">TEATER<\/span><\/strong><\/pre>\n<p>Jeg har ikke v\u00e6rt s\u00e5 ofte \u00e5 se p\u00e5 teater, selv om jeg egentlig har likt meg der n\u00e5r jeg har v\u00e6rt der \ud83d\ude42<\/p>\n<p><span style=\"color: #000000;\">\n<table id=\"tablepress-17\" class=\"tablepress tablepress-id-17\">\n<tbody class=\"row-hover\">\n<tr class=\"row-1 odd\">\n\t<td class=\"column-1\">2020 januar<\/td><td class=\"column-2\">Royal Albert Hall (London)<\/td><td class=\"column-3\">Luzia (Cirque du soleil)<\/td>\n<\/tr>\n<tr class=\"row-2 even\">\n\t<td class=\"column-1\">2017 mars<\/td><td class=\"column-2\">Nationaltheatret (Oslo)<\/td><td class=\"column-3\">Don Juan<\/td>\n<\/tr>\n<tr class=\"row-3 odd\">\n\t<td class=\"column-1\">2015 februar<\/td><td class=\"column-2\">Tr\u00f8ndelag teater (Trondheim)<\/td><td class=\"column-3\">Lille Eyolf<\/td>\n<\/tr>\n<tr class=\"row-4 even\">\n\t<td class=\"column-1\">2012 mars<\/td><td class=\"column-2\">Nationaltheatret (Oslo)<\/td><td class=\"column-3\">Entropi stafylokokktrilogien II<\/td>\n<\/tr>\n<tr class=\"row-5 odd\">\n\t<td class=\"column-1\">2011 januar<\/td><td class=\"column-2\">Junges Theater\u00a0(G\u00f6ttingen)<\/td><td class=\"column-3\">Der Boss vom Ganzen (Lars von Trier)<\/td>\n<\/tr>\n<tr class=\"row-6 even\">\n\t<td class=\"column-1\">2007 mai<\/td><td class=\"column-2\">Theater des Westens (Berlin)<\/td><td class=\"column-3\">Tanz der Vampire<\/td>\n<\/tr>\n<tr class=\"row-7 odd\">\n\t<td class=\"column-1\">2001 vinter<\/td><td class=\"column-2\">Det norske teatret (Oslo)<\/td><td class=\"column-3\">Jeppe p\u00e5 Berget (Ludvig Holberg)<\/td>\n<\/tr>\n<tr class=\"row-8 even\">\n\t<td class=\"column-1\">2000 vinter<\/td><td class=\"column-2\">Det norske teatret (Oslo)<\/td><td class=\"column-3\">Fuglane (Tarjei Vesaas)<\/td>\n<\/tr>\n<\/tbody>\n<\/table>\n<!-- #tablepress-17 from cache --><\/span><\/p>\n","protected":false},"excerpt":{"rendered":"<p>(SALIFI) KONSERTER\u00a0 B\u00d8KER\u00a0 FILMER\u00a0 TEATER Jeg har ikke v\u00e6rt s\u00e5 ofte \u00e5 se p\u00e5 teater, selv om jeg egentlig har<\/p>\n","protected":false},"author":1,"featured_media":0,"parent":0,"menu_order":0,"comment_status":"closed","ping_status":"closed","template":"","meta":[],"_links":{"self":[{"href":"http:\/\/vahansen.bplaced.net\/wordpress\/index.php?rest_route=\/wp\/v2\/pages\/405"}],"collection":[{"href":"http:\/\/vahansen.bplaced.net\/wordpress\/index.php?rest_route=\/wp\/v2\/pages"}],"about":[{"href":"http:\/\/vahansen.bplaced.net\/wordpress\/index.php?rest_route=\/wp\/v2\/types\/page"}],"author":[{"embeddable":true,"href":"http:\/\/vahansen.bplaced.net\/wordpress\/index.php?rest_route=\/wp\/v2\/users\/1"}],"replies":[{"embeddable":true,"href":"http:\/\/vahansen.bplaced.net\/wordpress\/index.php?rest_route=%2Fwp%2Fv2%2Fcomments&post=405"}],"version-history":[{"count":5,"href":"http:\/\/vahansen.bplaced.net\/wordpress\/index.php?rest_route=\/wp\/v2\/pages\/405\/revisions"}],"predecessor-version":[{"id":448,"href":"http:\/\/vahansen.bplaced.net\/wordpress\/index.php?rest_route=\/wp\/v2\/pages\/405\/revisions\/448"}],"wp:attachment":[{"href":"http:\/\/vahansen.bplaced.net\/wordpress\/index.php?rest_route=%2Fwp%2Fv2%2Fmedia&parent=405"}],"curies":[{"name":"wp","href":"https:\/\/api.w.org\/{rel}","templated":true}]}}