{"id":371,"date":"2018-06-09T11:03:38","date_gmt":"2018-06-09T11:03:38","guid":{"rendered":"http:\/\/vahansen.bplaced.net\/wordpress\/?page_id=371"},"modified":"2024-12-21T21:29:11","modified_gmt":"2024-12-21T21:29:11","slug":"tyskland-2006-2016","status":"publish","type":"page","link":"http:\/\/vahansen.bplaced.net\/wordpress\/?page_id=371","title":{"rendered":"Tyskland 2006\u20132016"},"content":{"rendered":"<p><img loading=\"lazy\" class=\"alignright wp-image-379\" src=\"http:\/\/vahansen.bplaced.net\/wordpress\/wp-content\/uploads\/2018\/06\/tyskland.png\" alt=\"\" width=\"276\" height=\"265\" \/><\/p>\n<p>Jeg er s\u00e5 utrolig takknemlig for \u00e5 ha bodd ti \u00e5r i et annet land, og for at dette landet var Tyskland. Det har v\u00e6rt et eventyr jeg ikke ville v\u00e6rt foruten.<\/p>\n<p><img loading=\"lazy\" class=\"alignleft wp-image-375 size-medium\" src=\"http:\/\/vahansen.bplaced.net\/wordpress\/wp-content\/uploads\/2018\/06\/Schauinsland-e1734816357535-300x200.jpg\" alt=\"\" width=\"300\" height=\"200\" srcset=\"http:\/\/vahansen.bplaced.net\/wordpress\/wp-content\/uploads\/2018\/06\/Schauinsland-e1734816357535-300x200.jpg 300w, http:\/\/vahansen.bplaced.net\/wordpress\/wp-content\/uploads\/2018\/06\/Schauinsland-e1734816357535-768x513.jpg 768w, http:\/\/vahansen.bplaced.net\/wordpress\/wp-content\/uploads\/2018\/06\/Schauinsland-e1734816357535.jpg 883w\" sizes=\"(max-width: 300px) 100vw, 300px\" \/><\/p>\n<p><strong>Freiburg 2006<\/strong><br \/>\nDa jeg dro til\u00a0fagre Freiburg som Erasmus-student den 19. april 2006, var det for \u00e5 studere der i fire m\u00e5neder.\u00a0P\u00e5 bildet fra sommeren 2006 st\u00e5r jeg p\u00e5 Schauinsland,\u00a0Freiburgs h\u00f8yeste punkt 1284 moh. som samtidig er en fin inngangsportal til naturperlen Schwarzwald. Sommeren 2006 arrangerte Tyskland fotball-VM, og sommeren var den varmeste p\u00e5 lenge mens jeg bodde i Tysklands mest solrike by. Etter denne sommeren skulle jeg bruke universitets\u00e5ret 2006\/07 til \u00e5 fullf\u00f8re mastergraden min i tysk spr\u00e5k i Oslo, men slik gikk det alts\u00e5 ikke. Da muligheten for \u00e5 studere ett semester til i Freiburg \u00e5pnet seg, slo jeg til og immatrikulerte meg for vintersemesteret 2006\/07.<\/p>\n<p><img loading=\"lazy\" class=\"alignright size-medium wp-image-385\" src=\"http:\/\/vahansen.bplaced.net\/wordpress\/wp-content\/uploads\/2018\/06\/Leipzig-300x225.jpeg\" alt=\"\" width=\"300\" height=\"225\" srcset=\"http:\/\/vahansen.bplaced.net\/wordpress\/wp-content\/uploads\/2018\/06\/Leipzig-300x225.jpeg 300w, http:\/\/vahansen.bplaced.net\/wordpress\/wp-content\/uploads\/2018\/06\/Leipzig-768x576.jpeg 768w, http:\/\/vahansen.bplaced.net\/wordpress\/wp-content\/uploads\/2018\/06\/Leipzig-1024x768.jpeg 1024w, http:\/\/vahansen.bplaced.net\/wordpress\/wp-content\/uploads\/2018\/06\/Leipzig.jpeg 2048w\" sizes=\"(max-width: 300px) 100vw, 300px\" \/><\/p>\n<p><strong>Leipzig 2007\u201308<\/strong><br \/>\nTil slutt ble det et mer eller mindre tilfeldig Google-s\u00f8k i oktober 2006 som ble utslagsgivende for at ti m\u00e5neder i Tyskland ble til ti \u00e5r. Jeg googlet\u00a0\u00abmuttersprachliche Norwegischkenntnisse\u00bb og landet p\u00e5 ei stillingsutlysning fra\u00a0<a href=\"http:\/\/mastergraden min i tysk spr\u00e5k i Oslo\">InVision Software AG<\/a>\u00a0som lette etter en oversetter fra tysk til norsk med sv\u00e6rt gode tyskkunnskaper og norsk som morsm\u00e5l. Og jeg fikk jobben, takket ja og flyttet br\u00e5tt til Leipzig 1. januar 2007. Jeg tenkte at jeg hadde f\u00e5tt en unik mulighet til \u00e5 bli bedre kjent med landet og spr\u00e5ket ved \u00e5 faktisk bo der p\u00e5 lik linje med tyskere, ikke \u00abbare\u00bb som student. P\u00e5 bildet er jeg p\u00e5 rotur i Karl-Heine-Kanal i Leipzig.<\/p>\n<p><img loading=\"lazy\" class=\"size-medium wp-image-387 alignleft\" src=\"http:\/\/vahansen.bplaced.net\/wordpress\/wp-content\/uploads\/2018\/06\/Freiburg-300x225.jpeg\" alt=\"\" width=\"300\" height=\"225\" srcset=\"http:\/\/vahansen.bplaced.net\/wordpress\/wp-content\/uploads\/2018\/06\/Freiburg-300x225.jpeg 300w, http:\/\/vahansen.bplaced.net\/wordpress\/wp-content\/uploads\/2018\/06\/Freiburg-768x576.jpeg 768w, http:\/\/vahansen.bplaced.net\/wordpress\/wp-content\/uploads\/2018\/06\/Freiburg-1024x768.jpeg 1024w, http:\/\/vahansen.bplaced.net\/wordpress\/wp-content\/uploads\/2018\/06\/Freiburg.jpeg 2048w\" sizes=\"(max-width: 300px) 100vw, 300px\" \/><\/p>\n<p><strong>Freiburg 2008\u201311<\/strong><br \/>\nEtter circa et \u00e5r som oversetter fant jeg ut at oversettelse er interessant, men ikke noe jeg vil drive med p\u00e5 fultid. Derfor s\u00f8kte jeg p\u00e5 tre norsklektorstillinger p\u00e5 ulike tyske universiteter. F\u00f8rste\u00f8nsket mitt var \u00e5 komme tilbake til <a href=\"http:\/\/www.skandinavistik.uni-freiburg.de\/\">universitetet i Freiburg<\/a>, hvor det var ei halv stilling ledig som norsklektor. Dette \u00f8nsket gikk i oppfyllelse, og var ogs\u00e5 viktig fordi jeg da kunne bruke den andre halvparten av tida til \u00e5 gj\u00f8re ferdig <a href=\"http:\/\/vahansen.bplaced.net\/wordpress\/?page_id=321\">mastergraden min<\/a> i tysk spr\u00e5k i Oslo. Den 8. mai 2010 leverte jeg masteroppgaven, og til sammen 19 \u00e5r p\u00e5 skole- og universitetsbenken var avsluttet. Bildet er fra Schlossberg med nydelig utsikt over Freiburg (med M\u00fcnster rett til h\u00f8yre for meg).<\/p>\n<p><img loading=\"lazy\" class=\"alignright size-medium wp-image-388\" src=\"http:\/\/vahansen.bplaced.net\/wordpress\/wp-content\/uploads\/2018\/06\/G\u00f6ttingen-300x225.jpeg\" alt=\"\" width=\"300\" height=\"225\" srcset=\"http:\/\/vahansen.bplaced.net\/wordpress\/wp-content\/uploads\/2018\/06\/G\u00f6ttingen-300x225.jpeg 300w, http:\/\/vahansen.bplaced.net\/wordpress\/wp-content\/uploads\/2018\/06\/G\u00f6ttingen-768x576.jpeg 768w, http:\/\/vahansen.bplaced.net\/wordpress\/wp-content\/uploads\/2018\/06\/G\u00f6ttingen-1024x768.jpeg 1024w, http:\/\/vahansen.bplaced.net\/wordpress\/wp-content\/uploads\/2018\/06\/G\u00f6ttingen.jpeg 1984w\" sizes=\"(max-width: 300px) 100vw, 300px\" \/><\/p>\n<p><strong>G\u00f6ttingen 2011\u201316<\/strong><br \/>\nI Freiburg skj\u00f8nte jeg fort at jeg hadde f\u00e5tt verdens mest interessante og fine jobb, og ville at det skulle fortsette slik. Dessverre var det snakk om en halv, tidsbegrenset stilling som trolig ikke kunne forlenges. Siden flere s\u00f8knader p\u00e5 ulike alternative bi-jobber i Freiburg strandet, bestemte jeg meg for \u00e5 s\u00f8ke bredere. Etter en del fram og tilbake flere steder endte det med at jeg fikk og slo til p\u00e5 en full og fast stilling ved <a href=\"http:\/\/www.uni-goettingen.de\/de\/sh\/89423.html\">universitetet i G\u00f6ttingen<\/a> med virkning fra 1. oktober 2011. Dessverre var universitetsbyen G\u00f6ttingen et sted det var vanskelig for meg \u00e5 sl\u00e5 rot. For de aller fleste er G\u00f6ttingen en mellomstasjon i livet p\u00e5 vei mot noe annet. Mange av de vennene jeg fikk, flyttet p\u00e5 et tidspunkt av naturlige \u00e5rsaker fordi de ble ferdige med mastergraden eller doktorgraden eller en midlertidig kontrakt.<\/p>\n<p><img loading=\"lazy\" class=\"size-medium wp-image-382 alignleft\" src=\"http:\/\/vahansen.bplaced.net\/wordpress\/wp-content\/uploads\/2018\/06\/Zugspitze1-300x225.jpeg\" alt=\"\" width=\"300\" height=\"225\" srcset=\"http:\/\/vahansen.bplaced.net\/wordpress\/wp-content\/uploads\/2018\/06\/Zugspitze1-300x225.jpeg 300w, http:\/\/vahansen.bplaced.net\/wordpress\/wp-content\/uploads\/2018\/06\/Zugspitze1-768x576.jpeg 768w, http:\/\/vahansen.bplaced.net\/wordpress\/wp-content\/uploads\/2018\/06\/Zugspitze1-1024x768.jpeg 1024w, http:\/\/vahansen.bplaced.net\/wordpress\/wp-content\/uploads\/2018\/06\/Zugspitze1.jpeg 2048w\" sizes=\"(max-width: 300px) 100vw, 300px\" \/><\/p>\n<p><strong>Tsch\u00fcs und auf Wiedersehen<\/strong><br \/>\nHjemlengselen til fedrelandet hadde v\u00e6rt litt opp og ned i noen \u00e5r, men alltid kommet sterkt tilbake i b\u00f8lger, og den ble forsterket i flere omganger i l\u00f8pet av de siste \u00e5rene i G\u00f6ttingen. Gleden var derfor stor da jeg i februar 2016 fikk tilslag p\u00e5 jobben som norsklektor ved <a href=\"http:\/\/www.hf.uio.no\/iln\/\">universitetet i Oslo<\/a>. Jeg fikk ogs\u00e5 avsluttet tysklandsoppholdet p\u00e5 best tenkelige m\u00e5te ved \u00e5 feire ti\u00e5rsjubileet som tysklandsimmigrant den 19. april 2016, bruke de siste m\u00e5nedene p\u00e5 \u00e5 reise til nye steder i Tyskland, og fullf\u00f8re sommersemesteret 2016 og universitets\u00e5ret 2015\/16 som normalt.<\/p>\n<p><img loading=\"lazy\" class=\"size-medium wp-image-383 alignright\" src=\"http:\/\/vahansen.bplaced.net\/wordpress\/wp-content\/uploads\/2018\/06\/Zugspitze2-300x225.jpeg\" alt=\"\" width=\"300\" height=\"225\" srcset=\"http:\/\/vahansen.bplaced.net\/wordpress\/wp-content\/uploads\/2018\/06\/Zugspitze2-300x225.jpeg 300w, http:\/\/vahansen.bplaced.net\/wordpress\/wp-content\/uploads\/2018\/06\/Zugspitze2-768x576.jpeg 768w, http:\/\/vahansen.bplaced.net\/wordpress\/wp-content\/uploads\/2018\/06\/Zugspitze2-1024x768.jpeg 1024w, http:\/\/vahansen.bplaced.net\/wordpress\/wp-content\/uploads\/2018\/06\/Zugspitze2.jpeg 2048w\" sizes=\"(max-width: 300px) 100vw, 300px\" \/><\/p>\n<p>Fjellbildene er fra det som p\u00e5 alle m\u00e5ter var h\u00f8ydepunktet denne siste sommeren i Tyskland: Zugspitze, Tysklands h\u00f8yeste fjell 2962 moh., i fantastisk v\u00e6r. Zugspitze ligger i sv\u00e6rt vakre omgivelser n\u00e6r det kjente vintersportsstedet Garmisch-Partenkirchen.<\/p>\n<p>Og n\u00e5r jeg f\u00f8rst skriver om dette omr\u00e5det, kan jeg ikke la v\u00e6re \u00e5 nevne den fantastiske g\u00e5turen langs Partnachklamm hvor elva Partnach har presset seg gjennom fjellet. Det siste bildet gir en liten smakebit. \u00c5 g\u00e5 gjennom Partnachklamm var virkelig som \u00e5 g\u00e5 gjennom et eventyr.<\/p>\n<p><img loading=\"lazy\" class=\"size-medium wp-image-381 alignleft\" src=\"http:\/\/vahansen.bplaced.net\/wordpress\/wp-content\/uploads\/2018\/06\/Partnachklamm-300x225.jpg\" alt=\"\" width=\"300\" height=\"225\" srcset=\"http:\/\/vahansen.bplaced.net\/wordpress\/wp-content\/uploads\/2018\/06\/Partnachklamm-300x225.jpg 300w, http:\/\/vahansen.bplaced.net\/wordpress\/wp-content\/uploads\/2018\/06\/Partnachklamm-768x576.jpg 768w, http:\/\/vahansen.bplaced.net\/wordpress\/wp-content\/uploads\/2018\/06\/Partnachklamm-1024x768.jpg 1024w, http:\/\/vahansen.bplaced.net\/wordpress\/wp-content\/uploads\/2018\/06\/Partnachklamm.jpg 2048w\" sizes=\"(max-width: 300px) 100vw, 300px\" \/><\/p>\n<p>Denne langhelga i mai 2016 har brent seg fast som et ekstra hyggelig minne fra den siste sommeren min i Tyskland. Ikke lenge etter, den 25. juli 2016, vendte jeg nesa hjemover i lastebil sammen med flyttelasset. Tyskland er ikke bare historien om fire m\u00e5neder som ble til ti \u00e5r, men ogs\u00e5 historien om en stor koffert som ble til en lastebil.<\/p>\n<p>Og snipp, snapp, snute, s\u00e5 var tysklandseventyret ute!<\/p>\n","protected":false},"excerpt":{"rendered":"<p>Jeg er s\u00e5 utrolig takknemlig for \u00e5 ha bodd ti \u00e5r i et annet land, og for at dette landet<\/p>\n","protected":false},"author":1,"featured_media":0,"parent":0,"menu_order":0,"comment_status":"closed","ping_status":"closed","template":"","meta":[],"_links":{"self":[{"href":"http:\/\/vahansen.bplaced.net\/wordpress\/index.php?rest_route=\/wp\/v2\/pages\/371"}],"collection":[{"href":"http:\/\/vahansen.bplaced.net\/wordpress\/index.php?rest_route=\/wp\/v2\/pages"}],"about":[{"href":"http:\/\/vahansen.bplaced.net\/wordpress\/index.php?rest_route=\/wp\/v2\/types\/page"}],"author":[{"embeddable":true,"href":"http:\/\/vahansen.bplaced.net\/wordpress\/index.php?rest_route=\/wp\/v2\/users\/1"}],"replies":[{"embeddable":true,"href":"http:\/\/vahansen.bplaced.net\/wordpress\/index.php?rest_route=%2Fwp%2Fv2%2Fcomments&post=371"}],"version-history":[{"count":13,"href":"http:\/\/vahansen.bplaced.net\/wordpress\/index.php?rest_route=\/wp\/v2\/pages\/371\/revisions"}],"predecessor-version":[{"id":2867,"href":"http:\/\/vahansen.bplaced.net\/wordpress\/index.php?rest_route=\/wp\/v2\/pages\/371\/revisions\/2867"}],"wp:attachment":[{"href":"http:\/\/vahansen.bplaced.net\/wordpress\/index.php?rest_route=%2Fwp%2Fv2%2Fmedia&parent=371"}],"curies":[{"name":"wp","href":"https:\/\/api.w.org\/{rel}","templated":true}]}}