{"id":319,"date":"2018-06-08T11:33:45","date_gmt":"2018-06-08T11:33:45","guid":{"rendered":"http:\/\/vahansen.bplaced.net\/wordpress\/?page_id=319"},"modified":"2024-06-20T19:49:12","modified_gmt":"2024-06-20T19:49:12","slug":"artikler-og-foredrag","status":"publish","type":"page","link":"http:\/\/vahansen.bplaced.net\/wordpress\/?page_id=319","title":{"rendered":"Artikler og foredrag"},"content":{"rendered":"<pre><strong><a href=\"http:\/\/vahansen.bplaced.net\/wordpress\/?page_id=22\">SPR\u00c5KSIDE<\/a>  <a href=\"http:\/\/vahansen.bplaced.net\/wordpress\/?page_id=317\">UNDERVISNING<\/a>  <span style=\"color: #800000;\" data-darkreader-inline-color=\"\">ARTIKLER OG FOREDRAG<\/span>  <a href=\"http:\/\/vahansen.bplaced.net\/wordpress\/?page_id=321\">STUDIER<\/a>\u00a0<\/strong><\/pre>\n<p><strong>Forskning<\/strong><br \/>\n(2014):\u00a0\u201eF\u00fcr den Trinker gibt es Rat, f\u00fcr den Doppler selten\u201c. Das Doppel-Spiel in skandinavischen Rechtstexten des Mittelalters.\u00a0I: Matthias Teichert (red.):\u00a0<i>Sport und Spiel bei den Germanen.<\/i>\u00a0Berlin: Walter de Gruyter, s. 307\u2013340.<br \/>\n(2010):\u00a0<a href=\"https:\/\/www.duo.uio.no\/handle\/10852\/25595\">Fr\u00fchneuhochdeutsche Substantivderivation in Gutalag und Gutasaga<\/a>\u00a0(masteroppgave) (se\u00a0<a href=\"https:\/\/www.duo.uio.no\/handle\/10852\/25595\">oppslag i DUO<\/a>)<\/p>\n<p><strong>Publikasjoner<\/strong><br \/>\n(2014):\u00a0<i>N\u00e5 begynner vi! Ordliste norsk\u2013tysk \/ tysk\u2013norsk.<\/i>\u00a0Akademika forlag.<\/p>\n<p><strong>Foredrag<br \/>\n<\/strong>(3.1.2020): <em>Uttale av stedsnavn i Oslo og Trondheim\u00a0\u2013 tradisjonelle dialektformer taper terreng.<\/em> Foredrag p\u00e5 Dansk-norsk seminar i historisk lingvistikk ved Universitetet i Oslo, Lysebu.<br \/>\n(28.11.2019): <em>Stedsnavn som speil for spr\u00e5kutviklingen \u2013 uttalen endres i Oslo og Trondheim.<\/em> M\u00f8te om norsk spr\u00e5k ved Norges teknisk-naturvitenskapelige universitet i Trondheim.<br \/>\n(25.9.2019): <em>Ortsnamen als Spiegel der Sprachwentwicklung \u2013 Aussprache von Osloer und Trondheimer Ortsnamen im Wandel.<\/em> Foredrag p\u00e5 Arbeitstagung der Skandinavistik ved Friedrich-Alexander-Universit\u00e4t Erlangen-N\u00fcrnberg.<br \/>\n(11.9.2019): <em>Aussprache von Osloer und Trondheimer Ortsnamen im Wandel\u00a0\u2013 gestern Bauernh\u00f6fe, heute Haltestellen.<\/em> Foredrag p\u00e5 konferansen Bewegte Namen ved Westf\u00e4lische Wilhelms-Universit\u00e4t M\u00fcnster.<br \/>\n(3.1.2018): <em>Tonelag i norske substantivsammensetninger\u00a0\u2013 sett med historiske og kontrastive briller.<\/em> Foredrag p\u00e5 Dansk-norsk seminar i historisk lingvistikk ved K\u00f8benhavns Universitet, Sch\u00e6fferg\u00e5rden i Gentofte.<br \/>\n(2.6.2017): <em>Bindeelementer i norske substantivsammensetninger<\/em>. Foredrag p\u00e5 spr\u00e5kvitenskapelig instituttseminar p\u00e5 Institutt for lingvistiske og nordiske studier ved Universitetet i Oslo.<br \/>\n(12.6.2015): <em>Kabalmysteriet p\u00e5 norsk III. Et undervisningsopplegg.<\/em> Foredrag p\u00e5 norsklektorkonferanse ved Goethe-Universit\u00e4t Frankfurt am Main.<br \/>\n(26.8.2014): <em>Bindeelementer i norsk og i norskundervisningen.<\/em> Foredrag p\u00e5 norsklektorkonferanse i Kristiansand ved Universitetet i Agder.<br \/>\n(24.9.2013): <em>Fugenelemente im Norwegischen<\/em>. Foredrag p\u00e5 Arbeitstagung der Skandinavistik ved Albert-Ludwigs-Universit\u00e4t Freiburg im Breisgau.<br \/>\n(7.6.2013): <em>N\u00e5 begynner vi! Erfaringer med Cecilie L\u00f8nns l\u00e6rebok. En sammenligning av l\u00e6reb\u00f8ker. <\/em>Foredrag p\u00e5 norsklektorkonferanse ved Universit\u00e4t Basel.<br \/>\n(17.6.2010): <em>Norwegische Dialekte<\/em>. Gjesteforelesning om norske dialekter i forelesningsrekken Das Norwegische&lt; ved Skandinavisches Seminar p\u00e5 Albert-Ludwigs-Universit\u00e4t Freiburg im Breisgau. (29.2.2007): <em>Norwegische Dialekte<\/em>. Underholdende foredrag om norske dialekter ved\u00a0 Grieg-Begegnungsst\u00e4tte Leipzig e. V. for Deutsch-Norwegische Freundschaftsgemeinschaft Mitteldeutschland.<br \/>\n(16.6.2006): <em>Hovedtrekk i utviklinga av vokalsystemet i aksentuerte stavelser i norske dialekter og islandsk etter det 12. \u00e5rhundret \u2013 ei historisk og spr\u00e5kgeografisk sammenlikning<\/em>. Pr\u00f8veforelesning til masteremnet NOR4104 (Indre spr\u00e5khistorie 3) ved Universitetet i Oslo.<\/p>\n<p><strong>Andre spr\u00e5kskriverier<\/strong><br \/>\n(2017): Sjakkspr\u00e5kspalter i Norsk sjakkblad <a href=\"http:\/\/www.vanhansen.info\/victor\/sjakksprak1-17.pdf\">nr. 1<\/a><br \/>\n(2016): Sjakkspr\u00e5kspalter i Norsk sjakkblad\u00a0<a href=\"http:\/\/www.vanhansen.info\/victor\/sjakksprak1-16.pdf\">nr. 1<\/a>\u00a0|\u00a0<a href=\"http:\/\/www.vanhansen.info\/victor\/sjakksprak2-16.pdf\">nr. 2<\/a><br \/>\n(2015): Sjakkspr\u00e5kspalter i Norsk sjakkblad\u00a0<a href=\"http:\/\/www.vanhansen.info\/victor\/sjakksprak1-15.pdf\">nr. 1<\/a>\u00a0|\u00a0<a href=\"http:\/\/www.vanhansen.info\/victor\/sjakksprak2-15.pdf\">nr. 2<\/a>\u00a0|\u00a0<a href=\"http:\/\/www.vanhansen.info\/victor\/sjakksprak3-15.pdf\">nr. 3<\/a>\u00a0|\u00a0<a href=\"http:\/\/www.vanhansen.info\/victor\/sjakksprak4-15.pdf\">nr. 4<\/a><br \/>\n(2008): Artikkel i medlemsbladet til Landslaget for spr\u00e5klig samling\u00a0<span style=\"color: black;\" data-darkreader-inline-color=\"\"><a href=\"http:\/\/www.vanhansen.info\/victor\/lss.pdf\">Spr\u00e5kforhold i Tyskland<\/a><\/span><br \/>\n(2007): Sjakkspr\u00e5kspalter i Norsk sjakkblad\u00a0<a href=\"http:\/\/www.vanhansen.info\/victor\/sjakksprak1-07.pdf\">nr. 1<\/a>\u00a0|\u00a0<a href=\"http:\/\/www.vanhansen.info\/victor\/sjakksprak2-07.pdf\">nr. 2<\/a>\u00a0|\u00a0<a href=\"http:\/\/www.vanhansen.info\/victor\/sjakksprak3-07.pdf\">nr. 3\u00a0<\/a>|\u00a0<a href=\"http:\/\/www.vanhansen.info\/victor\/sjakksprak4-07.pdf\">nr. 4<\/a>\u00a0|\u00a0<a href=\"http:\/\/www.vanhansen.info\/victor\/sjakksprak5-07.pdf\">nr. 5<\/a>\u00a0|\u00a0<a href=\"http:\/\/www.vanhansen.info\/victor\/sjakksprak6-07.pdf\">nr. 6<\/a>\u00a0|\u00a0<a href=\"http:\/\/www.vanhansen.info\/victor\/sjakksprak-alle.pdf\">alle<\/a><a href=\"http:\/\/www.vanhansen.info\/victor\/studier.html\"><br \/>\n<\/a>(2000): Spr\u00e5kspalter i NM-bulletengen <em>Askerladden<\/em>\u00a0<a href=\"http:\/\/www.vanhansen.info\/victor\/nr1.html\">nr. 1<\/a>\u00a0|\u00a0<a href=\"http:\/\/www.vanhansen.info\/victor\/nr2.html\">nr. 2<\/a>\u00a0|\u00a0<a href=\"http:\/\/www.vanhansen.info\/victor\/nr3.html\">nr. 3<\/a>\u00a0|\u00a0<a href=\"http:\/\/www.vanhansen.info\/victor\/nr4.html\">nr. 4<\/a>\u00a0|\u00a0<a href=\"http:\/\/www.vanhansen.info\/victor\/nr5.html\">nr. 5<\/a>\u00a0|\u00a0<a href=\"http:\/\/www.vanhansen.info\/victor\/nr6.html\">nr. 6<\/a>\u00a0|\u00a0<a href=\"http:\/\/www.vanhansen.info\/victor\/nr7.html\">nr. 7<\/a><a href=\"http:\/\/www.vanhansen.info\/victor\/studier.html\"><br \/>\n<\/a>(2000): S\u00e6remne i spr\u00e5k\u00a0<a href=\"http:\/\/www.vanhansen.info\/victor\/seremne.pdf\">Rettskrivningsproblematikk i nyere tid<\/a><\/p>\n","protected":false},"excerpt":{"rendered":"<p>SPR\u00c5KSIDE UNDERVISNING ARTIKLER OG FOREDRAG STUDIER\u00a0 Forskning (2014):\u00a0\u201eF\u00fcr den Trinker gibt es Rat, f\u00fcr den Doppler selten\u201c. Das Doppel-Spiel in<\/p>\n","protected":false},"author":1,"featured_media":0,"parent":0,"menu_order":0,"comment_status":"closed","ping_status":"closed","template":"","meta":[],"_links":{"self":[{"href":"http:\/\/vahansen.bplaced.net\/wordpress\/index.php?rest_route=\/wp\/v2\/pages\/319"}],"collection":[{"href":"http:\/\/vahansen.bplaced.net\/wordpress\/index.php?rest_route=\/wp\/v2\/pages"}],"about":[{"href":"http:\/\/vahansen.bplaced.net\/wordpress\/index.php?rest_route=\/wp\/v2\/types\/page"}],"author":[{"embeddable":true,"href":"http:\/\/vahansen.bplaced.net\/wordpress\/index.php?rest_route=\/wp\/v2\/users\/1"}],"replies":[{"embeddable":true,"href":"http:\/\/vahansen.bplaced.net\/wordpress\/index.php?rest_route=%2Fwp%2Fv2%2Fcomments&post=319"}],"version-history":[{"count":13,"href":"http:\/\/vahansen.bplaced.net\/wordpress\/index.php?rest_route=\/wp\/v2\/pages\/319\/revisions"}],"predecessor-version":[{"id":2706,"href":"http:\/\/vahansen.bplaced.net\/wordpress\/index.php?rest_route=\/wp\/v2\/pages\/319\/revisions\/2706"}],"wp:attachment":[{"href":"http:\/\/vahansen.bplaced.net\/wordpress\/index.php?rest_route=%2Fwp%2Fv2%2Fmedia&parent=319"}],"curies":[{"name":"wp","href":"https:\/\/api.w.org\/{rel}","templated":true}]}}