{"id":20,"date":"2018-04-06T18:16:33","date_gmt":"2018-04-06T18:16:33","guid":{"rendered":"http:\/\/vahansen.bplaced.net\/wordpress\/?page_id=20"},"modified":"2021-01-23T19:24:11","modified_gmt":"2021-01-23T19:24:11","slug":"sjakk","status":"publish","type":"page","link":"http:\/\/vahansen.bplaced.net\/wordpress\/?page_id=20","title":{"rendered":"Sjakkside"},"content":{"rendered":"<pre><strong><span style=\"color: #800000;\">SJAKKSIDE<\/span>\u00a0 <a href=\"http:\/\/vahansen.bplaced.net\/wordpress\/?page_id=469\">TURNERINGER OG RATING<\/a>\u00a0 <a href=\"http:\/\/vahansen.bplaced.net\/wordpress\/?page_id=463\">SJAKKSKRIVERIER<\/a>\u00a0 <a href=\"http:\/\/vahansen.bplaced.net\/wordpress\/?page_id=466\">VERV OG OPPGAVER<\/a>\u00a0 <a href=\"http:\/\/vahansen.bplaced.net\/wordpress\/?page_id=474\">P\u00c5SKESJAKK 2001\u20132007<\/a><\/strong><\/pre>\n<p>Jeg har viet en stor del av livet mitt til sjakk, et spill s\u00e5 mangfoldig og vakkert at det lever og \u00e5nder i sin egen sf\u00e6re.<\/p>\n<p><img loading=\"lazy\" class=\"size-medium wp-image-77 alignright\" src=\"http:\/\/vahansen.bplaced.net\/wordpress\/wp-content\/uploads\/2018\/04\/SAM_8192-arrang\u00f8rbilde-200x300.jpg\" alt=\"\" width=\"200\" height=\"300\" srcset=\"http:\/\/vahansen.bplaced.net\/wordpress\/wp-content\/uploads\/2018\/04\/SAM_8192-arrang\u00f8rbilde-200x300.jpg 200w, http:\/\/vahansen.bplaced.net\/wordpress\/wp-content\/uploads\/2018\/04\/SAM_8192-arrang\u00f8rbilde.jpg 480w\" sizes=\"(max-width: 200px) 100vw, 200px\" \/><\/p>\n<p>Siden jeg begynte i Trondheim sjakkforerning som 12-\u00e5ring i 1995, har jeg <a href=\"http:\/\/vahansen.bplaced.net\/wordpress\/?page_id=469\">spilt over 1000 langsjakkpartier<\/a> (som gjerne varer 3\u20134 timer i gjennomsnitt) og utallige lyn- og hurtigsjakkpartier over brettet og p\u00e5 nettet. St\u00f8rst betydning for utviklingen min som sjakkspiller og -organisator har utvilsomt mine tre \u00e5r p\u00e5 <a href=\"http:\/\/ntg.no\/skole\/b%C3%A6rum\/sjakk\">sjakklinja p\u00e5 Norges toppidrettsgymnas<\/a> i B\u00e6rum hatt. 16 \u00e5r gammel, i 1998, flyttet jeg hjemmefra fra Trondheim til farlige B\u00e6rum fordi Simen Agdestein \u00e5pnet sjakklinja. Jeg var en av sju som var med i tidenes f\u00f8rste sjakk-kull p\u00e5 NTG, og her skriver Simen selv om det <a href=\"http:\/\/ntg.no\/artikkel\/1998-1999\">f\u00f8rste<\/a>, <a href=\"http:\/\/ntg.no\/artikkel\/1999-2000\">andre<\/a> og tredje \u00e5ret sjakklinja var i drift.<\/p>\n<p>Opp gjennom \u00e5rene har jeg ogs\u00e5 <a href=\"http:\/\/vahansen.bplaced.net\/wordpress\/?page_id=463\">skrevet litt<\/a> hist og pist om sjakk for Norsk sjakkblad og F\u00f8rsteraden, og i 2001\u20132003 var jeg ogs\u00e5 redakt\u00f8r for disse tidsskriftene.\u00a0Fram til jeg flyttet til Tyskland i 2006, var jeg ogs\u00e5 meget aktiv som <a href=\"http:\/\/vahansen.bplaced.net\/wordpress\/?page_id=466\">organisator p\u00e5 ulike plan<\/a>, blant annet som turneringsarrang\u00f8r, dommer, l\u00e6rer, redakt\u00f8r, skribent og med ulike verv i ulike klubber og kretser. Spesielt forn\u00f8yd var jeg med \u00e5 bygge opp <a href=\"http:\/\/vahansen.bplaced.net\/wordpress\/?page_id=474\">p\u00e5skesjakkfestivalen i Oslo<\/a> i \u00e5rene fra 2002 til 2007.<\/p>\n<p>De siste \u00e5rene har jeg spilt mye sjeldnere enn f\u00f8r, men holder p\u00e5 en m\u00e5te fortsatt litt koken.\u00a0Bildet til h\u00f8yre er fra ei hyggelig sjakkturnering p\u00e5 Isle of Man (2014).<\/p>\n<p>Jeg var ogs\u00e5 den f\u00f8rste til \u00e5 lage\u00a0<a href=\"https:\/\/www.vanhansen.info\/victor\/berger.xls\">bergertabeller for inntil 24 spillere<\/a> i Excel (som forbundet n\u00e5 har laget en <a href=\"http:\/\/www.sjakk.no\/berger\/\">nydelig moderne vri<\/a> av p\u00e5 sine sider) og den som pr\u00f8vde ut <a href=\"https:\/\/www.vanhansen.info\/victor\/cup.html\" target=\"_blank\" rel=\"noopener\">Victors cup\/sveitser-system<\/a>\u00a0i en sjakkturnering.<\/p>\n","protected":false},"excerpt":{"rendered":"<p>SJAKKSIDE\u00a0 TURNERINGER OG RATING\u00a0 SJAKKSKRIVERIER\u00a0 VERV OG OPPGAVER\u00a0 P\u00c5SKESJAKK 2001\u20132007 Jeg har viet en stor del av livet mitt til<\/p>\n","protected":false},"author":1,"featured_media":0,"parent":0,"menu_order":0,"comment_status":"closed","ping_status":"closed","template":"","meta":[],"_links":{"self":[{"href":"http:\/\/vahansen.bplaced.net\/wordpress\/index.php?rest_route=\/wp\/v2\/pages\/20"}],"collection":[{"href":"http:\/\/vahansen.bplaced.net\/wordpress\/index.php?rest_route=\/wp\/v2\/pages"}],"about":[{"href":"http:\/\/vahansen.bplaced.net\/wordpress\/index.php?rest_route=\/wp\/v2\/types\/page"}],"author":[{"embeddable":true,"href":"http:\/\/vahansen.bplaced.net\/wordpress\/index.php?rest_route=\/wp\/v2\/users\/1"}],"replies":[{"embeddable":true,"href":"http:\/\/vahansen.bplaced.net\/wordpress\/index.php?rest_route=%2Fwp%2Fv2%2Fcomments&post=20"}],"version-history":[{"count":14,"href":"http:\/\/vahansen.bplaced.net\/wordpress\/index.php?rest_route=\/wp\/v2\/pages\/20\/revisions"}],"predecessor-version":[{"id":1670,"href":"http:\/\/vahansen.bplaced.net\/wordpress\/index.php?rest_route=\/wp\/v2\/pages\/20\/revisions\/1670"}],"wp:attachment":[{"href":"http:\/\/vahansen.bplaced.net\/wordpress\/index.php?rest_route=%2Fwp%2Fv2%2Fmedia&parent=20"}],"curies":[{"name":"wp","href":"https:\/\/api.w.org\/{rel}","templated":true}]}}