{"id":137,"date":"2018-04-06T22:00:49","date_gmt":"2018-04-06T22:00:49","guid":{"rendered":"http:\/\/vahansen.bplaced.net\/wordpress\/?page_id=137"},"modified":"2021-04-24T12:09:59","modified_gmt":"2021-04-24T12:09:59","slug":"om","status":"publish","type":"page","link":"http:\/\/vahansen.bplaced.net\/wordpress\/?page_id=137","title":{"rendered":"Om"},"content":{"rendered":"<p><a href=\"http:\/\/www.vanhansen.info\/victor\/index.htm\"><img loading=\"lazy\" class=\"size-medium wp-image-142 alignright\" src=\"http:\/\/vahansen.bplaced.net\/wordpress\/wp-content\/uploads\/2018\/04\/gammelside-300x259.jpg\" alt=\"\" width=\"300\" height=\"259\" srcset=\"http:\/\/vahansen.bplaced.net\/wordpress\/wp-content\/uploads\/2018\/04\/gammelside-300x259.jpg 300w, http:\/\/vahansen.bplaced.net\/wordpress\/wp-content\/uploads\/2018\/04\/gammelside-768x663.jpg 768w, http:\/\/vahansen.bplaced.net\/wordpress\/wp-content\/uploads\/2018\/04\/gammelside.jpg 896w\" sizes=\"(max-width: 300px) 100vw, 300px\" \/><\/a>Disse sidene er laget\u00a0av <a href=\"mailto:vahansen@gmail.com\">Victor Hansen<\/a>.<\/p>\n<p>&nbsp;<\/p>\n<p>Skjelletet til denne sida ble laget i WordPress i\u00a0april 2018. De ulike oversiktene\u00a0oppdateres jevnlig, men det skjer ellers ikke s\u00e5 mye nytt p\u00e5 sidene.<\/p>\n<p>Med unntak av at\u00a0sidene holdes oppdatert med livets gang,\u00a0har innholdet\u00a0s\u00e5 \u00e5 si v\u00e6rt det samme\u00a0siden\u00a0hjemmesida\u00a0ble laget\u00a0med Adobe GoLive i 2003. Det eneste nye skuddet p\u00e5 stammen i WordPress-versjonen er at det har skrevet litt tekst til hver av overskriftene, og at jeg har skrevet om <a href=\"http:\/\/vahansen.bplaced.net\/wordpress\/?page_id=371\">det ti\u00e5rige oppholdet mitt i Tyskland<\/a>.<\/p>\n<p>Fra 2003 til 2018 s\u00e5 forsida ut som til h\u00f8yre her. Det var tider det \ud83d\ude42\u00a0Slik s\u00e5 <a href=\"http:\/\/www.vanhansen.info\/victor\/index.htm\">den siste utgaven av gamle hjemmesida<\/a> ut. Den ble sist oppdatert 8. april 2018 og oppdateres ikke lenger.<\/p>\n<p>&nbsp;<\/p>\n","protected":false},"excerpt":{"rendered":"<p>Disse sidene er laget\u00a0av Victor Hansen. &nbsp; Skjelletet til denne sida ble laget i WordPress i\u00a0april 2018. De ulike oversiktene\u00a0oppdateres<\/p>\n","protected":false},"author":1,"featured_media":0,"parent":0,"menu_order":0,"comment_status":"closed","ping_status":"closed","template":"","meta":[],"_links":{"self":[{"href":"http:\/\/vahansen.bplaced.net\/wordpress\/index.php?rest_route=\/wp\/v2\/pages\/137"}],"collection":[{"href":"http:\/\/vahansen.bplaced.net\/wordpress\/index.php?rest_route=\/wp\/v2\/pages"}],"about":[{"href":"http:\/\/vahansen.bplaced.net\/wordpress\/index.php?rest_route=\/wp\/v2\/types\/page"}],"author":[{"embeddable":true,"href":"http:\/\/vahansen.bplaced.net\/wordpress\/index.php?rest_route=\/wp\/v2\/users\/1"}],"replies":[{"embeddable":true,"href":"http:\/\/vahansen.bplaced.net\/wordpress\/index.php?rest_route=%2Fwp%2Fv2%2Fcomments&post=137"}],"version-history":[{"count":14,"href":"http:\/\/vahansen.bplaced.net\/wordpress\/index.php?rest_route=\/wp\/v2\/pages\/137\/revisions"}],"predecessor-version":[{"id":1814,"href":"http:\/\/vahansen.bplaced.net\/wordpress\/index.php?rest_route=\/wp\/v2\/pages\/137\/revisions\/1814"}],"wp:attachment":[{"href":"http:\/\/vahansen.bplaced.net\/wordpress\/index.php?rest_route=%2Fwp%2Fv2%2Fmedia&parent=137"}],"curies":[{"name":"wp","href":"https:\/\/api.w.org\/{rel}","templated":true}]}}